{"id":2,"date":"2015-11-03T20:20:38","date_gmt":"2015-11-03T20:20:38","guid":{"rendered":"http:\/\/www.hartmannpraxis.com\/?page_id=2"},"modified":"2023-01-19T17:27:48","modified_gmt":"2023-01-19T17:27:48","slug":"about","status":"publish","type":"page","link":"https:\/\/www.hartmannpraxis.com\/?page_id=2","title":{"rendered":"Lebenslauf"},"content":{"rendered":"\t<h1>Archives<\/h1>\t\t<p>Im Alter von 16 Jahren wurden bei mir schwerwiegende R\u00fcckenprobleme diagnostiziert. W\u00e4hrend einem Jahr war ich bei verschiedenen \u00c4rzten und machte viele Abkl\u00e4rungen. Mit 19 Jahren kam ich zur Naturheil-Medizin. Da ich mit der Naturheil- Medizin sehr gute Resultate erreicht hatte und sich meine Gesundheit stetig verbesserte, wurde ich neugierig und wollte immer mehr dar\u00fcber lernen. In den letzten Jahren, habe ich sehr viele Ausbildungen und Kurse absolviert. Heute wende ich meine eigene Therapie-Form an, welche ich die letzten 30 Jahre stetig weiterentwickelte.<\/p>\n<p><img loading=\"lazy\" decoding=\"async\" class=\"alignnone wp-image-194 \" src=\"https:\/\/www.hartmannpraxis.com\/wp-content\/uploads\/hartmann.jpg\" alt=\"\" width=\"408\" height=\"544\" srcset=\"https:\/\/www.hartmannpraxis.com\/wp-content\/uploads\/hartmann.jpg 768w, https:\/\/www.hartmannpraxis.com\/wp-content\/uploads\/hartmann-225x300.jpg 225w\" sizes=\"auto, (max-width: 408px) 100vw, 408px\" \/><\/p>\n<p><script><br \/>\n  (function(i,s,o,g,r,a,m){i['GoogleAnalyticsObject']=r;i[r]=i[r]||function(){<br \/>\n  (i[r].q=i[r].q||[]).push(arguments)},i[r].l=1*new Date();a=s.createElement(o),<br \/>\n  m=s.getElementsByTagName(o)[0];a.async=1;a.src=g;m.parentNode.insertBefore(a,m)<br \/>\n  })(window,document,'script','https:\/\/www.google-analytics.com\/analytics.js','ga');<\/p>\n<p>  ga('create', 'UA-90673479-1', 'auto');<br \/>\n  ga('send', 'pageview');<\/p>\n<p><\/script><\/p>\n","protected":false},"excerpt":{"rendered":"<p>Archives Im Alter von 16 Jahren wurden bei mir schwerwiegende R\u00fcckenprobleme diagnostiziert. W\u00e4hrend einem Jahr war ich bei verschiedenen \u00c4rzten und machte viele Abkl\u00e4rungen. Mit 19 Jahren kam ich zur Naturheil-Medizin. Da ich mit der Naturheil- Medizin sehr gute Resultate erreicht hatte und sich meine Gesundheit stetig verbesserte, wurde ich neugierig und wollte immer mehr dar\u00fcber lernen. In den letzten Jahren, habe ich sehr viele Ausbildungen und Kurse absolviert. Heute wende ich meine eigene Therapie-Form an, welche ich die letzten 30 Jahre stetig weiterentwickelte.<\/p>\n","protected":false},"author":1,"featured_media":0,"parent":0,"menu_order":1,"comment_status":"closed","ping_status":"closed","template":"","meta":{"footnotes":""},"class_list":["post-2","page","type-page","status-publish","hentry"],"_links":{"self":[{"href":"https:\/\/www.hartmannpraxis.com\/index.php?rest_route=\/wp\/v2\/pages\/2","targetHints":{"allow":["GET"]}}],"collection":[{"href":"https:\/\/www.hartmannpraxis.com\/index.php?rest_route=\/wp\/v2\/pages"}],"about":[{"href":"https:\/\/www.hartmannpraxis.com\/index.php?rest_route=\/wp\/v2\/types\/page"}],"author":[{"embeddable":true,"href":"https:\/\/www.hartmannpraxis.com\/index.php?rest_route=\/wp\/v2\/users\/1"}],"replies":[{"embeddable":true,"href":"https:\/\/www.hartmannpraxis.com\/index.php?rest_route=%2Fwp%2Fv2%2Fcomments&post=2"}],"version-history":[{"count":16,"href":"https:\/\/www.hartmannpraxis.com\/index.php?rest_route=\/wp\/v2\/pages\/2\/revisions"}],"predecessor-version":[{"id":248,"href":"https:\/\/www.hartmannpraxis.com\/index.php?rest_route=\/wp\/v2\/pages\/2\/revisions\/248"}],"wp:attachment":[{"href":"https:\/\/www.hartmannpraxis.com\/index.php?rest_route=%2Fwp%2Fv2%2Fmedia&parent=2"}],"curies":[{"name":"wp","href":"https:\/\/api.w.org\/{rel}","templated":true}]}}