{"id":72,"date":"2016-01-08T11:56:53","date_gmt":"2016-01-08T11:56:53","guid":{"rendered":"http:\/\/www.hartmannpraxis.com\/?page_id=72"},"modified":"2026-01-24T14:12:54","modified_gmt":"2026-01-24T14:12:54","slug":"symptome","status":"publish","type":"page","link":"https:\/\/www.hartmannpraxis.com\/?page_id=72","title":{"rendered":"Kurse"},"content":{"rendered":"\t<h1>Archives<\/h1>\t\t<p>Ich biete auch Kurse an. Der Kurs ist f\u00fcr Therapeuten wie auch f\u00fcr Privatpersonen geeignet. <br \/>F\u00fcr weitere Informationen kontaktieren Sie mich bitte.<\/p>\n\n<div class=\"wp-block-image\">\n<figure class=\"aligncenter size-full is-resized\"><img loading=\"lazy\" decoding=\"async\" width=\"569\" height=\"878\" src=\"https:\/\/www.hartmannpraxis.com\/wp-content\/uploads\/hartmann2026.jpg\" alt=\"\" class=\"wp-image-382\" style=\"aspect-ratio:0.6480740117746006;width:598px;height:auto\" srcset=\"https:\/\/www.hartmannpraxis.com\/wp-content\/uploads\/hartmann2026.jpg 569w, https:\/\/www.hartmannpraxis.com\/wp-content\/uploads\/hartmann2026-194x300.jpg 194w\" sizes=\"auto, (max-width: 569px) 100vw, 569px\" \/><\/figure>\n<\/div>\n\n<div class=\"wp-block-image\">\n<figure class=\"aligncenter size-full\"><img loading=\"lazy\" decoding=\"async\" width=\"561\" height=\"841\" src=\"https:\/\/www.hartmannpraxis.com\/wp-content\/uploads\/hartmann2026_1.jpg\" alt=\"\" class=\"wp-image-387\" srcset=\"https:\/\/www.hartmannpraxis.com\/wp-content\/uploads\/hartmann2026_1.jpg 561w, https:\/\/www.hartmannpraxis.com\/wp-content\/uploads\/hartmann2026_1-200x300.jpg 200w\" sizes=\"auto, (max-width: 561px) 100vw, 561px\" \/><\/figure>\n<\/div>\n\n<div class=\"wp-block-image\">\n<figure class=\"aligncenter size-full is-resized\"><img loading=\"lazy\" decoding=\"async\" width=\"839\" height=\"426\" src=\"https:\/\/www.hartmannpraxis.com\/wp-content\/uploads\/hartmann2025_1.png\" alt=\"\" class=\"wp-image-352\" style=\"width:840px;height:auto\" srcset=\"https:\/\/www.hartmannpraxis.com\/wp-content\/uploads\/hartmann2025_1.png 839w, https:\/\/www.hartmannpraxis.com\/wp-content\/uploads\/hartmann2025_1-300x152.png 300w, https:\/\/www.hartmannpraxis.com\/wp-content\/uploads\/hartmann2025_1-768x390.png 768w\" sizes=\"auto, (max-width: 839px) 100vw, 839px\" \/><\/figure>\n<\/div>\n\n\n<figure class=\"wp-block-gallery aligncenter has-nested-images columns-default is-cropped wp-block-gallery-1 is-layout-flex wp-block-gallery-is-layout-flex\">\n<figure class=\"wp-block-image size-full is-style-rounded\"><img loading=\"lazy\" decoding=\"async\" width=\"600\" height=\"450\" data-id=\"301\" src=\"https:\/\/www.hartmannpraxis.com\/wp-content\/uploads\/2-1.jpg\" alt=\"\" class=\"wp-image-301\" srcset=\"https:\/\/www.hartmannpraxis.com\/wp-content\/uploads\/2-1.jpg 600w, https:\/\/www.hartmannpraxis.com\/wp-content\/uploads\/2-1-300x225.jpg 300w\" sizes=\"auto, (max-width: 600px) 100vw, 600px\" \/><\/figure>\n<\/figure>\n\n\n<div class=\"wp-block-image\">\n<figure class=\"aligncenter size-full\"><img loading=\"lazy\" decoding=\"async\" width=\"600\" height=\"450\" src=\"https:\/\/www.hartmannpraxis.com\/wp-content\/uploads\/1-1.jpg\" alt=\"\" class=\"wp-image-302\" srcset=\"https:\/\/www.hartmannpraxis.com\/wp-content\/uploads\/1-1.jpg 600w, https:\/\/www.hartmannpraxis.com\/wp-content\/uploads\/1-1-300x225.jpg 300w\" sizes=\"auto, (max-width: 600px) 100vw, 600px\" \/><\/figure>\n<\/div>\n\n<div class=\"wp-block-image\">\n<figure class=\"aligncenter size-large\"><img loading=\"lazy\" decoding=\"async\" width=\"473\" height=\"1024\" src=\"https:\/\/www.hartmannpraxis.com\/wp-content\/uploads\/3-473x1024.jpg\" alt=\"\" class=\"wp-image-298\" srcset=\"https:\/\/www.hartmannpraxis.com\/wp-content\/uploads\/3-473x1024.jpg 473w, https:\/\/www.hartmannpraxis.com\/wp-content\/uploads\/3-139x300.jpg 139w, https:\/\/www.hartmannpraxis.com\/wp-content\/uploads\/3.jpg 591w\" sizes=\"auto, (max-width: 473px) 100vw, 473px\" \/><\/figure>\n<\/div>","protected":false},"excerpt":{"rendered":"<p>Archives Ich biete auch Kurse an. Der Kurs ist f\u00fcr Therapeuten wie auch f\u00fcr Privatpersonen geeignet. F\u00fcr weitere Informationen kontaktieren Sie mich bitte.<\/p>\n","protected":false},"author":1,"featured_media":0,"parent":8,"menu_order":0,"comment_status":"closed","ping_status":"closed","template":"","meta":{"footnotes":""},"class_list":["post-72","page","type-page","status-publish","hentry"],"_links":{"self":[{"href":"https:\/\/www.hartmannpraxis.com\/index.php?rest_route=\/wp\/v2\/pages\/72","targetHints":{"allow":["GET"]}}],"collection":[{"href":"https:\/\/www.hartmannpraxis.com\/index.php?rest_route=\/wp\/v2\/pages"}],"about":[{"href":"https:\/\/www.hartmannpraxis.com\/index.php?rest_route=\/wp\/v2\/types\/page"}],"author":[{"embeddable":true,"href":"https:\/\/www.hartmannpraxis.com\/index.php?rest_route=\/wp\/v2\/users\/1"}],"replies":[{"embeddable":true,"href":"https:\/\/www.hartmannpraxis.com\/index.php?rest_route=%2Fwp%2Fv2%2Fcomments&post=72"}],"version-history":[{"count":26,"href":"https:\/\/www.hartmannpraxis.com\/index.php?rest_route=\/wp\/v2\/pages\/72\/revisions"}],"predecessor-version":[{"id":389,"href":"https:\/\/www.hartmannpraxis.com\/index.php?rest_route=\/wp\/v2\/pages\/72\/revisions\/389"}],"up":[{"embeddable":true,"href":"https:\/\/www.hartmannpraxis.com\/index.php?rest_route=\/wp\/v2\/pages\/8"}],"wp:attachment":[{"href":"https:\/\/www.hartmannpraxis.com\/index.php?rest_route=%2Fwp%2Fv2%2Fmedia&parent=72"}],"curies":[{"name":"wp","href":"https:\/\/api.w.org\/{rel}","templated":true}]}}